{"id":2009,"date":"2019-04-01T08:14:43","date_gmt":"2019-04-01T06:14:43","guid":{"rendered":"http:\/\/godbanm.splet.arnes.si\/?page_id=2009"},"modified":"2020-02-11T15:00:46","modified_gmt":"2020-02-11T14:00:46","slug":"2019-2","status":"publish","type":"page","link":"https:\/\/godbanm.si\/?page_id=2009","title":{"rendered":"2019"},"content":{"rendered":"<p style=\"text-align: center\"><a href=\"https:\/\/godbanm.si\/?page_id=2929&amp;preview=true\">Koncert Godba gre v vesolje \u00a0 \u00a0<\/a><\/p>\n<p style=\"text-align: center\"><a href=\"https:\/\/godbanm.si\/?page_id=2905&amp;preview=true\">Dolenjsko martinovanje<\/a><\/p>\n<p style=\"text-align: center\"><a href=\"http:\/\/godbanm.splet.arnes.si\/?page_id=2895\">Sre\u010danje godb v La\u0161kem<\/a><\/p>\n<p style=\"text-align: center\"><a href=\"http:\/\/godbanm.splet.arnes.si\/?page_id=2015\">14. Revija Zveze dru\u0161tev godb in pihalnih orkestrov Dolenjske in Bele krajine<\/a><\/p>\n<p style=\"text-align: center\"><a href=\"http:\/\/godbanm.splet.arnes.si\/?page_id=2865\">Sre\u010danje godb v Beli cerkvi<\/a><\/p>\n<p style=\"text-align: center\"><a href=\"http:\/\/godbanm.splet.arnes.si\/?page_id=2809\">Novome\u0161ka zGodba<\/a><\/p>\n<p style=\"text-align: center\"><a href=\"http:\/\/godbanm.splet.arnes.si\/?page_id=2785\">Prvomajska budnica<\/a><\/p>\n<p style=\"text-align: center\"><a href=\"http:\/\/godbanm.splet.arnes.si\/?page_id=2747\">Koncert Pomladno prebujanje<\/a><\/p>\n<p style=\"text-align: center\"><a href=\"http:\/\/godbanm.splet.arnes.si\/?page_id=2249\">Herceg Novi<\/a><\/p>\n<p style=\"text-align: center\"><a href=\"http:\/\/godbanm.splet.arnes.si\/?page_id=2217\">Praznik mimoze<\/a><\/p>\n","protected":false},"excerpt":{"rendered":"<p>Koncert Godba gre v vesolje \u00a0 \u00a0 Dolenjsko martinovanje Sre\u010danje godb v La\u0161kem 14. Revija Zveze dru\u0161tev godb in pihalnih orkestrov Dolenjske in Bele krajine Sre\u010danje godb v Beli cerkvi Novome\u0161ka zGodba Prvomajska budnica Koncert Pomladno prebujanje Herceg Novi Praznik mimoze<\/p>\n","protected":false},"author":10690,"featured_media":0,"parent":0,"menu_order":0,"comment_status":"closed","ping_status":"closed","template":"","meta":{"footnotes":""},"class_list":["post-2009","page","type-page","status-publish","hentry"],"_links":{"self":[{"href":"https:\/\/godbanm.si\/index.php?rest_route=\/wp\/v2\/pages\/2009","targetHints":{"allow":["GET"]}}],"collection":[{"href":"https:\/\/godbanm.si\/index.php?rest_route=\/wp\/v2\/pages"}],"about":[{"href":"https:\/\/godbanm.si\/index.php?rest_route=\/wp\/v2\/types\/page"}],"author":[{"embeddable":true,"href":"https:\/\/godbanm.si\/index.php?rest_route=\/wp\/v2\/users\/10690"}],"replies":[{"embeddable":true,"href":"https:\/\/godbanm.si\/index.php?rest_route=%2Fwp%2Fv2%2Fcomments&post=2009"}],"version-history":[{"count":4,"href":"https:\/\/godbanm.si\/index.php?rest_route=\/wp\/v2\/pages\/2009\/revisions"}],"predecessor-version":[{"id":2971,"href":"https:\/\/godbanm.si\/index.php?rest_route=\/wp\/v2\/pages\/2009\/revisions\/2971"}],"wp:attachment":[{"href":"https:\/\/godbanm.si\/index.php?rest_route=%2Fwp%2Fv2%2Fmedia&parent=2009"}],"curies":[{"name":"wp","href":"https:\/\/api.w.org\/{rel}","templated":true}]}}