{"id":937,"date":"2017-01-21T15:31:58","date_gmt":"2017-01-21T15:31:58","guid":{"rendered":"http:\/\/godbanm.splet.arnes.si\/?page_id=937"},"modified":"2017-01-21T15:35:45","modified_gmt":"2017-01-21T15:35:45","slug":"arhiv-2016","status":"publish","type":"page","link":"https:\/\/godbanm.si\/?page_id=937","title":{"rendered":"2016"},"content":{"rendered":"<p style=\"text-align: center\"><a href=\"http:\/\/godbanm.splet.arnes.si\/?page_id=52\">Budnica 2016<\/a><\/p>\n<p style=\"text-align: center\"><a href=\"http:\/\/godbanm.splet.arnes.si\/?page_id=70\">Pomladno prebijanje<\/a><\/p>\n<p style=\"text-align: center\"><a href=\"http:\/\/godbanm.splet.arnes.si\/?page_id=108\">Skoki v Krko<\/a><\/p>\n<p style=\"text-align: center\"><a href=\"http:\/\/godbanm.splet.arnes.si\/?page_id=215\">Gremo domov v Novo mesto<\/a><\/p>\n<p style=\"text-align: center\"><a href=\"http:\/\/godbanm.splet.arnes.si\/?page_id=296\">5. Praznik korenja in jesenskih plodov Veliki Gaber<\/a><\/p>\n<p style=\"text-align: center\"><a href=\"http:\/\/godbanm.splet.arnes.si\/?page_id=312\">Dolenjsko martinovanje<\/a><\/p>\n<p style=\"text-align: center\"><a href=\"http:\/\/godbanm.splet.arnes.si\/?page_id=326\">Martinov koncert<\/a><\/p>\n<p style=\"text-align: center\"><a href=\"http:\/\/godbanm.splet.arnes.si\/?page_id=409\">Planina pod Golico &#8211; Miss Narcis<\/a><\/p>\n<p style=\"text-align: center\"><a href=\"http:\/\/godbanm.splet.arnes.si\/?page_id=519\">Herceg Novi, \u010crna Gora<\/a><\/p>\n<p style=\"text-align: center\"><a href=\"http:\/\/godbanm.splet.arnes.si\/?page_id=681\">10. festival dru\u017ein<\/a><\/p>\n<p style=\"text-align: center\"><a href=\"http:\/\/godbanm.splet.arnes.si\/?page_id=750\">Martinov koncert \u0160kocjan<\/a><\/p>\n<p style=\"text-align: center\"><a href=\"http:\/\/godbanm.splet.arnes.si\/?page_id=761\">38. sre\u010danje godb Dolenjske<\/a><\/p>\n","protected":false},"excerpt":{"rendered":"<p>Budnica 2016 Pomladno prebijanje Skoki v Krko Gremo domov v Novo mesto 5. Praznik korenja in jesenskih plodov Veliki Gaber Dolenjsko martinovanje Martinov koncert Planina pod Golico &#8211; Miss Narcis Herceg Novi, \u010crna Gora 10. festival dru\u017ein Martinov koncert \u0160kocjan 38. sre\u010danje godb Dolenjske<\/p>\n","protected":false},"author":10690,"featured_media":0,"parent":26,"menu_order":0,"comment_status":"closed","ping_status":"open","template":"","meta":{"footnotes":""},"class_list":["post-937","page","type-page","status-publish","hentry"],"_links":{"self":[{"href":"https:\/\/godbanm.si\/index.php?rest_route=\/wp\/v2\/pages\/937","targetHints":{"allow":["GET"]}}],"collection":[{"href":"https:\/\/godbanm.si\/index.php?rest_route=\/wp\/v2\/pages"}],"about":[{"href":"https:\/\/godbanm.si\/index.php?rest_route=\/wp\/v2\/types\/page"}],"author":[{"embeddable":true,"href":"https:\/\/godbanm.si\/index.php?rest_route=\/wp\/v2\/users\/10690"}],"replies":[{"embeddable":true,"href":"https:\/\/godbanm.si\/index.php?rest_route=%2Fwp%2Fv2%2Fcomments&post=937"}],"version-history":[{"count":3,"href":"https:\/\/godbanm.si\/index.php?rest_route=\/wp\/v2\/pages\/937\/revisions"}],"predecessor-version":[{"id":940,"href":"https:\/\/godbanm.si\/index.php?rest_route=\/wp\/v2\/pages\/937\/revisions\/940"}],"up":[{"embeddable":true,"href":"https:\/\/godbanm.si\/index.php?rest_route=\/wp\/v2\/pages\/26"}],"wp:attachment":[{"href":"https:\/\/godbanm.si\/index.php?rest_route=%2Fwp%2Fv2%2Fmedia&parent=937"}],"curies":[{"name":"wp","href":"https:\/\/api.w.org\/{rel}","templated":true}]}}